{"id":5806,"date":"2023-10-29T16:47:32","date_gmt":"2023-10-29T15:47:32","guid":{"rendered":"http:\/\/www.pronkpictures.com\/?page_id=5806"},"modified":"2026-04-01T20:19:21","modified_gmt":"2026-04-01T18:19:21","slug":"the-book-croatia-in-my-heart","status":"publish","type":"page","link":"https:\/\/www.pronkpictures.com\/?page_id=5806","title":{"rendered":"the book &#8220;Croatia in my heart&#8221;"},"content":{"rendered":"<h3><span style=\"color: #000000;\"><strong>\u00a0<\/strong><\/span><\/h3>\n<p><img data-attachment-id=\"5928\" data-permalink=\"https:\/\/www.pronkpictures.com\/?attachment_id=5928\" data-orig-file=\"https:\/\/i0.wp.com\/www.pronkpictures.com\/wp-content\/uploads\/2024\/01\/CROATIA-IN-MY-HEART-HRVATSKA-U-MOM-SRCU-2-scaled.jpg?fit=2560%2C2251&amp;ssl=1\" data-orig-size=\"2560,2251\" data-comments-opened=\"1\" data-image-meta=\"{&quot;aperture&quot;:&quot;0&quot;,&quot;credit&quot;:&quot;Ren\\u00e9 Pronk&quot;,&quot;camera&quot;:&quot;&quot;,&quot;caption&quot;:&quot;&quot;,&quot;created_timestamp&quot;:&quot;0&quot;,&quot;copyright&quot;:&quot;&quot;,&quot;focal_length&quot;:&quot;0&quot;,&quot;iso&quot;:&quot;0&quot;,&quot;shutter_speed&quot;:&quot;0&quot;,&quot;title&quot;:&quot;CROATIA IN MY HEART HRVATSKA U MOM SRCU&quot;,&quot;orientation&quot;:&quot;1&quot;}\" data-image-title=\"CROATIA IN MY HEART HRVATSKA U MOM SRCU\" data-image-description=\"\" data-image-caption=\"\" data-medium-file=\"https:\/\/i0.wp.com\/www.pronkpictures.com\/wp-content\/uploads\/2024\/01\/CROATIA-IN-MY-HEART-HRVATSKA-U-MOM-SRCU-2-scaled.jpg?fit=300%2C264&amp;ssl=1\" data-large-file=\"https:\/\/i0.wp.com\/www.pronkpictures.com\/wp-content\/uploads\/2024\/01\/CROATIA-IN-MY-HEART-HRVATSKA-U-MOM-SRCU-2-scaled.jpg?fit=960%2C845&amp;ssl=1\" decoding=\"async\" loading=\"lazy\" class=\"alignnone size-medium wp-image-5928\" src=\"https:\/\/i0.wp.com\/www.pronkpictures.com\/wp-content\/uploads\/2024\/01\/CROATIA-IN-MY-HEART-HRVATSKA-U-MOM-SRCU-2.jpg?resize=300%2C264\" alt=\"\" width=\"300\" height=\"264\" srcset=\"https:\/\/i0.wp.com\/www.pronkpictures.com\/wp-content\/uploads\/2024\/01\/CROATIA-IN-MY-HEART-HRVATSKA-U-MOM-SRCU-2-scaled.jpg?resize=300%2C264&amp;ssl=1 300w, https:\/\/i0.wp.com\/www.pronkpictures.com\/wp-content\/uploads\/2024\/01\/CROATIA-IN-MY-HEART-HRVATSKA-U-MOM-SRCU-2-scaled.jpg?resize=1024%2C901&amp;ssl=1 1024w, https:\/\/i0.wp.com\/www.pronkpictures.com\/wp-content\/uploads\/2024\/01\/CROATIA-IN-MY-HEART-HRVATSKA-U-MOM-SRCU-2-scaled.jpg?resize=768%2C675&amp;ssl=1 768w, https:\/\/i0.wp.com\/www.pronkpictures.com\/wp-content\/uploads\/2024\/01\/CROATIA-IN-MY-HEART-HRVATSKA-U-MOM-SRCU-2-scaled.jpg?resize=1536%2C1351&amp;ssl=1 1536w, https:\/\/i0.wp.com\/www.pronkpictures.com\/wp-content\/uploads\/2024\/01\/CROATIA-IN-MY-HEART-HRVATSKA-U-MOM-SRCU-2-scaled.jpg?resize=2048%2C1801&amp;ssl=1 2048w, https:\/\/i0.wp.com\/www.pronkpictures.com\/wp-content\/uploads\/2024\/01\/CROATIA-IN-MY-HEART-HRVATSKA-U-MOM-SRCU-2-scaled.jpg?w=1920 1920w\" sizes=\"(max-width: 300px) 100vw, 300px\" data-recalc-dims=\"1\" \/><\/p>\n<p><strong><span style=\"color: #808080;\"><a style=\"color: #808080;\" href=\"http:\/\/www.pronkpictures.com\/wp-content\/uploads\/2025\/07\/CROATIA-IN-MY-HEART-HRVATSKA-U-MOM-SRCU-website-copy-compressed.pdf\" target=\"_blank\" rel=\"noopener\">Click here for PDF example.<\/a><\/span><\/strong><\/p>\n<p><strong>ENGLISH<\/strong><br \/>\nThe latest book, &#8220;Croatia in my heart&#8221; \/ &#8220;Hrvatska u mom srcu&#8221;, is scheduled for release in December 2025 and will be printed with a hard cover 25&#215;25 cm format on high-quality LED-dried paper, utilising the latest printing techniques. A must-have feel-good book for photo lovers, Croatia fans and the ideal gift for your friends or family.<\/p>\n<p>Ren\u00e9&#8217;s new book contains 250 stunning landscape pictures taken over the last 13 years in his homeland, Croatia. The book includes 10 stories about his life in Croatia, and he reveals the locations of 12 of his most beloved photo spots.<br \/>\nThis application form can be filled out from June 29. A limited number of 1000 copies will be printed.<strong> Each for the affordable price of \u20ac 30,00. If you order four copies, you will only pay \u20ac 100,00<\/strong>\u2014no advance payments. You pay when you collect or receive your book.<\/p>\n<p><strong>HRVATSKI<\/strong><br \/>\nNajnovija knjiga &#8220;Hrvatska u mom srcu&#8221; \/ &#8220;Croatia in my heart:\u00a0 trebala bi iza\u0107i u prosincu 2025. godine, a bit \u0107e tiskana s tvrdim uvezom formata 25&#215;25 cm na visokokvalitetnom LED su\u0161enom papiru, koriste\u0107i najnovije tehnike tiska. Knjiga koja \u0107e vas odu\u0161eviti i podi\u0107i na vje\u010dni ton za ljubitelje fotografije, navija\u010de Hrvatske i idealan poklon za va\u0161e prijatelje ili obitelj.<\/p>\n<p>Ren\u00e9ova nova knjiga sadr\u017ei 250 prekrasnih fotografija krajolika snimljenih tijekom posljednjih 13 godina u njegovoj domovini, Hrvatskoj. Knjiga uklju\u010duje 10 pri\u010da o njegovom \u017eivotu u Hrvatskoj, a otkriva i lokacije 12 svojih najdra\u017eih mjesta za fotografiranje.<br \/>\nOvaj obrazac za prijavu mo\u017ee se ispuniti. Bit \u0107e tiskan ograni\u010den broj od 1000 primjeraka. <strong>Svaki po pristupa\u010dnoj cijeni od 30,00. Ako naru\u010dite \u010detiri komada, platit \u0107ete samo \u20ac 100,00<\/strong>\u00a0&#8211; bez avansa. Pla\u0107ate prilikom preuzimanja ili primitka knjige.<\/p>\n<p><strong>Postage prices for 1 book:\u00a0<\/strong><br \/>\nCroatia: 6 euros<br \/>\nEuropean Union: 12,50 euros<br \/>\nEurope &#8211; non EU: 15.00 euros<br \/>\nUSA \/ Canada \/ Australia: 35 euros<\/p>\n<p><strong>Purchase points:\u00a0<\/strong><br \/>\nAquatika Karlovac<br \/>\n<span style=\"font-family: 'Helvetica Neue', Helvetica, Arial, sans-serif; background-color: rgba(255, 255, 255, 0);\">Posjetiteljski centar So\u0161ice<\/span><\/p>\n<h3><span style=\"color: #999999;\"><strong>ORDER HERE &#8211; NARU\u010cITE OVDJE<\/strong><\/span><\/h3>\n\t\t\t<link rel=\"stylesheet\" property=\"stylesheet\" href=\"https:\/\/www.pronkpictures.com\/wp-content\/plugins\/happyforms\/bundles\/css\/frontend.css\" \/>\n\t\t\t\t<!-- HappyForms CSS variables -->\n\t<style>\n\t#happyforms-5644 {\n\t\t--happyforms-form-title-font-size: 32px;\n--happyforms-part-title-font-size: 16px;\n--happyforms-part-description-font-size: 12px;\n--happyforms-part-value-font-size: 16px;\n--happyforms-submit-button-font-size: 16px;\n--happyforms-color-primary: #000000;\n--happyforms-color-success-notice: #ebf9f0;\n--happyforms-color-success-notice-text: #1eb452;\n--happyforms-color-error: #f23000;\n--happyforms-color-error-notice: #ffeeea;\n--happyforms-color-error-notice-text: #f23000;\n--happyforms-color-part-title: #000000;\n--happyforms-color-part-value: #000000;\n--happyforms-color-part-placeholder: #888888;\n--happyforms-color-part-description: #454545;\n--happyforms-color-part-border: #dbdbdb;\n--happyforms-color-part-border-focus: #7aa4ff;\n--happyforms-color-part-background: #ffffff;\n--happyforms-color-part-background-focus: #ffffff;\n--happyforms-color-submit-background: #000000;\n--happyforms-color-submit-background-hover: #000000;\n--happyforms-color-submit-border: transparent;\n--happyforms-color-submit-text: #ffffff;\n--happyforms-color-submit-text-hover: #ffffff;\n--happyforms-color-table-row-odd: #fcfcfc;\n--happyforms-color-table-row-even: #efefef;\n--happyforms-color-table-row-odd-text: #000000;\n--happyforms-color-table-row-even-text: #000000;\n--happyforms-color-dropdown-item-bg: #ffffff;\n--happyforms-color-dropdown-item-text: #000000;\n--happyforms-color-dropdown-item-bg-hover: #f4f4f5;\n--happyforms-color-dropdown-item-text-hover: #000000;\n--happyforms-color-divider-hr: #cccccc;\n--happyforms-color-choice-checkmark-bg: #ffffff;\n--happyforms-color-choice-checkmark-bg-focus: #000000;\n--happyforms-color-choice-checkmark-color: #ffffff;\n\t}\n\t<\/style>\n\t<!-- End of HappyForms CSS variables -->\n\t\t<!-- HappyForms Additional CSS -->\n\t<style data-happyforms-additional-css>\n\t\t<\/style>\n\t<!-- End of HappyForms Additional CSS -->\n\t\t\t<link rel=\"stylesheet\" type=\"text\/css\" href=\"https:\/\/www.pronkpictures.com\/wp-content\/plugins\/happyforms\/core\/assets\/css\/no-interaction.css\">\n\t\t<div class=\"happyforms-form happyforms-styles\" id=\"happyforms-5644\">\n\t\t\n\t<form action=\"\" id=\"happyforms-form-5644\" method=\"post\" novalidate=\"true\" autocomplete=\"off\">\n\t\t\t\t<input type=\"hidden\" name=\"happyforms_random_seed\" value=\"3640209022\" \/>\n\t\t\n\t\t\t<input type=\"hidden\" name=\"action\" value=\"happyforms_message\">\n\t\t\t\t<input type=\"hidden\" name=\"client_referer\" value=\"\">\n\t\t\t\t<input type=\"hidden\" name=\"current_post_id\" value=\"\">\n\t\t\t\t<input type=\"hidden\" name=\"happyforms_form_id\" value=\"5644\" \/>\n\t\t\t\t<input type=\"hidden\" name=\"happyforms_step\" value=\"0\" \/>\n\t\n\t\t<div class=\"happyforms-flex\">\n\t\t\t\t<input type=\"text\" name=\"5644-single_line_text\" style=\"position:absolute;left:-5000px;\" tabindex=\"-1\" autocomplete=\"off\"> <span class=\"screen-reader-text\">Leave this field blank<\/span>\n\t\t\t\t\t\t\t\t\t\t<div class=\"happyforms-form__part happyforms-part happyforms-part--single_line_text happyforms-part--width-half happyforms-part--label-show\" id=\"happyforms-5644_single_line_text_0-part\" data-happyforms-type=\"single_line_text\" data-happyforms-id=\"single_line_text_0\" data-happyforms-required=\"\">\n\t<div class=\"happyforms-part-wrap\">\n\t\t\n\t\t\t\t\t\t<div class=\"happyforms-part__label-container\">\n\t\t\t\t<label for=\"happyforms-5644_single_line_text_0\" class=\"happyforms-part__label\">\n\t\t\t<span class=\"label\">First name \/ Ime<\/span>\n\t\t\t\t\t\t\t\t\t\t<span class=\"happyforms-required\"><\/span>\n\t\t\t\t\t\t\t\t\t\t<span class=\"happyforms-optional\">(optional)<\/span>\n\t\t\t\t\t<\/label>\n\t\t\t<\/div>\n\t\t\t\n\t\t\n\t\t<div class=\"happyforms-part__el\">\n\t\t\t\n\t\t\t\n\t\t\t<div class=\"happyforms-input\">\n\t\t\t\t\n\t\t\t\t<input id=\"happyforms-5644_single_line_text_0\" type=\"text\" name=\"5644_single_line_text_0\" value=\"\" placeholder=\"\" autocomplete=\"off\" spellcheck=\"false\"  autocorrect=\"off\" \/>\n\t\t\t\t\t\t\t<\/div>\n\n\t\t\t\n\t\t\t\n\t\t\t\t\t<\/div>\n\t<\/div>\n<\/div>\n<div class=\"happyforms-form__part happyforms-part happyforms-part--single_line_text happyforms-part--width-half happyforms-part--label-show\" id=\"happyforms-5644_single_line_text_1-part\" data-happyforms-type=\"single_line_text\" data-happyforms-id=\"single_line_text_1\" data-happyforms-required=\"\">\n\t<div class=\"happyforms-part-wrap\">\n\t\t\n\t\t\t\t\t\t<div class=\"happyforms-part__label-container\">\n\t\t\t\t<label for=\"happyforms-5644_single_line_text_1\" class=\"happyforms-part__label\">\n\t\t\t<span class=\"label\">Last name \/ Prezime<\/span>\n\t\t\t\t\t\t\t\t\t\t<span class=\"happyforms-required\"><\/span>\n\t\t\t\t\t\t\t\t\t\t<span class=\"happyforms-optional\">(optional)<\/span>\n\t\t\t\t\t<\/label>\n\t\t\t<\/div>\n\t\t\t\n\t\t\n\t\t<div class=\"happyforms-part__el\">\n\t\t\t\n\t\t\t\n\t\t\t<div class=\"happyforms-input\">\n\t\t\t\t\n\t\t\t\t<input id=\"happyforms-5644_single_line_text_1\" type=\"text\" name=\"5644_single_line_text_1\" value=\"\" placeholder=\"\" autocomplete=\"off\" spellcheck=\"false\"  autocorrect=\"off\" \/>\n\t\t\t\t\t\t\t<\/div>\n\n\t\t\t\n\t\t\t\n\t\t\t\t\t<\/div>\n\t<\/div>\n<\/div>\n<div class=\"happyforms-form__part happyforms-part happyforms-part--single_line_text happyforms-part--width-full happyforms-part--label-show\" id=\"happyforms-5644_single_line_text_13-part\" data-happyforms-type=\"single_line_text\" data-happyforms-id=\"single_line_text_13\" data-happyforms-required=\"\">\n\t<div class=\"happyforms-part-wrap\">\n\t\t\n\t\t\t\t\t\t<div class=\"happyforms-part__label-container\">\n\t\t\t\t<label for=\"happyforms-5644_single_line_text_13\" class=\"happyforms-part__label\">\n\t\t\t<span class=\"label\">Tax number \/ OIB<\/span>\n\t\t\t\t\t\t\t\t\t\t<span class=\"happyforms-required\"><\/span>\n\t\t\t\t\t\t\t\t\t\t<span class=\"happyforms-optional\">(optional)<\/span>\n\t\t\t\t\t<\/label>\n\t\t\t<\/div>\n\t\t\t\n\t\t\n\t\t<div class=\"happyforms-part__el\">\n\t\t\t\n\t\t\t\n\t\t\t<div class=\"happyforms-input\">\n\t\t\t\t\n\t\t\t\t<input id=\"happyforms-5644_single_line_text_13\" type=\"text\" name=\"5644_single_line_text_13\" value=\"\" placeholder=\"\" autocomplete=\"off\" spellcheck=\"false\"  autocorrect=\"off\" \/>\n\t\t\t\t\t\t\t<\/div>\n\n\t\t\t\n\t\t\t\n\t\t\t\t\t<\/div>\n\t<\/div>\n<\/div>\n<div class=\"happyforms-part--with-autocomplete happyforms-form__part happyforms-part happyforms-part--email happyforms-part--width-full happyforms-part--label-show\" id=\"happyforms-5644_email_15-part\" data-happyforms-type=\"email\" data-happyforms-id=\"email_15\" data-happyforms-required=\"\">\n\t\t<div class=\"happyforms-part-wrap\">\n\t\t\t\t\t\t<div class=\"happyforms-part__label-container\">\n\t\t\t\t<label for=\"happyforms-5644_email_15\" class=\"happyforms-part__label\">\n\t\t\t<span class=\"label\">E-mail addres \/ Email adresa<\/span>\n\t\t\t\t\t\t\t\t\t\t<span class=\"happyforms-required\"><\/span>\n\t\t\t\t\t\t\t\t\t\t<span class=\"happyforms-optional\">(optional)<\/span>\n\t\t\t\t\t<\/label>\n\t\t\t<\/div>\n\t\t\t\n\t\t\n\t\t<div class=\"happyforms-part__el\">\n\t\t\t\n\t\t\t\n\t\t\t<div class=\"happyforms-input\">\n\t\t\t\t<input type=\"email\" name=\"5644_email_15\" id=\"happyforms-5644_email_15\" value=\"\" placeholder=\"\" autocomplete=\"off\" spellcheck=\"false\"  autocorrect=\"off\" \/>\n\t\t\t\t\t\t\t<\/div>\n\n\t\t\t\n\t\t\t\n\t\t\t\t\t<\/div>\n\t<\/div>\n<\/div>\n<div class=\"happyforms-form__part happyforms-part happyforms-part--number happyforms-part--width-full happyforms-part--label-show\" id=\"happyforms-5644_number_16-part\" data-happyforms-type=\"number\" data-happyforms-id=\"number_16\" data-happyforms-required=\"\">\n\t<div class=\"happyforms-part-wrap\">\n\t\t\n\t\t\t\t\t\t<div class=\"happyforms-part__label-container\">\n\t\t\t\t<label for=\"happyforms-5644_number_16\" class=\"happyforms-part__label\">\n\t\t\t<span class=\"label\">Cell phone number \/ Broj mobitela<\/span>\n\t\t\t\t\t\t\t\t\t\t<span class=\"happyforms-required\"><\/span>\n\t\t\t\t\t\t\t\t\t\t<span class=\"happyforms-optional\">(optional)<\/span>\n\t\t\t\t\t<\/label>\n\t\t\t<\/div>\n\t\t\t\n\t\t\n\t\t<div class=\"happyforms-part__el\">\n\t\t\t\n\t\t\t\n\t\t\t<div class=\"happyforms-input\">\n\t\t\t\t\t\t\t\t<input id=\"happyforms-5644_number_16\" type=\"number\" value=\"\" name=\"5644_number_16\" placeholder=\"\" min=\"\" max=\"\" step=\"1\" autocomplete=\"off\" spellcheck=\"false\" \/>\n\t\t\t\t\t\t\t<\/div>\n\n\t\t\t\n\t\t\t\n\t\t\t\t\t<\/div>\n\t<\/div>\n<\/div>\n<div class=\"happyforms-form__part happyforms-part happyforms-part--number happyforms-part--width-full happyforms-part--label-show\" id=\"happyforms-5644_number_5-part\" data-happyforms-type=\"number\" data-happyforms-id=\"number_5\" data-happyforms-required=\"\">\n\t<div class=\"happyforms-part-wrap\">\n\t\t\n\t\t\t\t\t\t<div class=\"happyforms-part__label-container\">\n\t\t\t\t<label for=\"happyforms-5644_number_5\" class=\"happyforms-part__label\">\n\t\t\t<span class=\"label\">Number of books I want to order \/ Koli\u010dina knjiga koje \u017eelim naru\u010diti<\/span>\n\t\t\t\t\t\t\t\t\t\t<span class=\"happyforms-required\"><\/span>\n\t\t\t\t\t\t\t\t\t\t<span class=\"happyforms-optional\">(optional)<\/span>\n\t\t\t\t\t<\/label>\n\t\t\t<\/div>\n\t\t\t\n\t\t\n\t\t<div class=\"happyforms-part__el\">\n\t\t\t\n\t\t\t\n\t\t\t<div class=\"happyforms-input\">\n\t\t\t\t\t\t\t\t<input id=\"happyforms-5644_number_5\" type=\"number\" value=\"\" name=\"5644_number_5\" placeholder=\"\" min=\"\" max=\"\" step=\"1\" autocomplete=\"off\" spellcheck=\"false\" \/>\n\t\t\t\t\t\t\t<\/div>\n\n\t\t\t\n\t\t\t\n\t\t\t\t\t<\/div>\n\t<\/div>\n<\/div>\n<div class=\"happyforms-form__part happyforms-part happyforms-part--single_line_text happyforms-part--width-full happyforms-part--label-show\" id=\"happyforms-5644_single_line_text_6-part\" data-happyforms-type=\"single_line_text\" data-happyforms-id=\"single_line_text_6\" data-happyforms-required=\"\">\n\t<div class=\"happyforms-part-wrap\">\n\t\t\n\t\t\t\t\t\t<div class=\"happyforms-part__label-container\">\n\t\t\t\t<label for=\"happyforms-5644_single_line_text_6\" class=\"happyforms-part__label\">\n\t\t\t<span class=\"label\">Address: (street and number) \/ Adresa (ulica i broj)<\/span>\n\t\t\t\t\t\t\t\t\t\t<span class=\"happyforms-required\"><\/span>\n\t\t\t\t\t\t\t\t\t\t<span class=\"happyforms-optional\">(optional)<\/span>\n\t\t\t\t\t<\/label>\n\t\t\t<\/div>\n\t\t\t\n\t\t\n\t\t<div class=\"happyforms-part__el\">\n\t\t\t\n\t\t\t\n\t\t\t<div class=\"happyforms-input\">\n\t\t\t\t\n\t\t\t\t<input id=\"happyforms-5644_single_line_text_6\" type=\"text\" name=\"5644_single_line_text_6\" value=\"\" placeholder=\"\" autocomplete=\"off\" spellcheck=\"false\"  autocorrect=\"off\" \/>\n\t\t\t\t\t\t\t<\/div>\n\n\t\t\t\n\t\t\t\n\t\t\t\t\t<\/div>\n\t<\/div>\n<\/div>\n<div class=\"happyforms-form__part happyforms-part happyforms-part--single_line_text happyforms-part--width-full happyforms-part--label-show\" id=\"happyforms-5644_single_line_text_7-part\" data-happyforms-type=\"single_line_text\" data-happyforms-id=\"single_line_text_7\" data-happyforms-required=\"\">\n\t<div class=\"happyforms-part-wrap\">\n\t\t\n\t\t\t\t\t\t<div class=\"happyforms-part__label-container\">\n\t\t\t\t<label for=\"happyforms-5644_single_line_text_7\" class=\"happyforms-part__label\">\n\t\t\t<span class=\"label\">Postal code \/ Po\u0161tanski broj<\/span>\n\t\t\t\t\t\t\t\t\t\t<span class=\"happyforms-required\"><\/span>\n\t\t\t\t\t\t\t\t\t\t<span class=\"happyforms-optional\">(optional)<\/span>\n\t\t\t\t\t<\/label>\n\t\t\t<\/div>\n\t\t\t\n\t\t\n\t\t<div class=\"happyforms-part__el\">\n\t\t\t\n\t\t\t\n\t\t\t<div class=\"happyforms-input\">\n\t\t\t\t\n\t\t\t\t<input id=\"happyforms-5644_single_line_text_7\" type=\"text\" name=\"5644_single_line_text_7\" value=\"\" placeholder=\"\" autocomplete=\"off\" spellcheck=\"false\"  autocorrect=\"off\" \/>\n\t\t\t\t\t\t\t<\/div>\n\n\t\t\t\n\t\t\t\n\t\t\t\t\t<\/div>\n\t<\/div>\n<\/div>\n<div class=\"happyforms-form__part happyforms-part happyforms-part--single_line_text happyforms-part--width-full happyforms-part--label-show\" id=\"happyforms-5644_single_line_text_8-part\" data-happyforms-type=\"single_line_text\" data-happyforms-id=\"single_line_text_8\" data-happyforms-required=\"\">\n\t<div class=\"happyforms-part-wrap\">\n\t\t\n\t\t\t\t\t\t<div class=\"happyforms-part__label-container\">\n\t\t\t\t<label for=\"happyforms-5644_single_line_text_8\" class=\"happyforms-part__label\">\n\t\t\t<span class=\"label\">Town \/ Boravi\u0161te (opcina)<\/span>\n\t\t\t\t\t\t\t\t\t\t<span class=\"happyforms-required\"><\/span>\n\t\t\t\t\t\t\t\t\t\t<span class=\"happyforms-optional\">(optional)<\/span>\n\t\t\t\t\t<\/label>\n\t\t\t<\/div>\n\t\t\t\n\t\t\n\t\t<div class=\"happyforms-part__el\">\n\t\t\t\n\t\t\t\n\t\t\t<div class=\"happyforms-input\">\n\t\t\t\t\n\t\t\t\t<input id=\"happyforms-5644_single_line_text_8\" type=\"text\" name=\"5644_single_line_text_8\" value=\"\" placeholder=\"\" autocomplete=\"off\" spellcheck=\"false\"  autocorrect=\"off\" \/>\n\t\t\t\t\t\t\t<\/div>\n\n\t\t\t\n\t\t\t\n\t\t\t\t\t<\/div>\n\t<\/div>\n<\/div>\n<div class=\"happyforms-form__part happyforms-part happyforms-part--single_line_text happyforms-part--width-full happyforms-part--label-show\" id=\"happyforms-5644_single_line_text_9-part\" data-happyforms-type=\"single_line_text\" data-happyforms-id=\"single_line_text_9\" data-happyforms-required=\"\">\n\t<div class=\"happyforms-part-wrap\">\n\t\t\n\t\t\t\t\t\t<div class=\"happyforms-part__label-container\">\n\t\t\t\t<label for=\"happyforms-5644_single_line_text_9\" class=\"happyforms-part__label\">\n\t\t\t<span class=\"label\">Country \/ Zemlja<\/span>\n\t\t\t\t\t\t\t\t\t\t<span class=\"happyforms-required\"><\/span>\n\t\t\t\t\t\t\t\t\t\t<span class=\"happyforms-optional\">(optional)<\/span>\n\t\t\t\t\t<\/label>\n\t\t\t<\/div>\n\t\t\t\n\t\t\n\t\t<div class=\"happyforms-part__el\">\n\t\t\t\n\t\t\t\n\t\t\t<div class=\"happyforms-input\">\n\t\t\t\t\n\t\t\t\t<input id=\"happyforms-5644_single_line_text_9\" type=\"text\" name=\"5644_single_line_text_9\" value=\"\" placeholder=\"\" autocomplete=\"off\" spellcheck=\"false\"  autocorrect=\"off\" \/>\n\t\t\t\t\t\t\t<\/div>\n\n\t\t\t\n\t\t\t\n\t\t\t\t\t<\/div>\n\t<\/div>\n<\/div>\n<div class=\"happyforms-form__part happyforms-part happyforms-part--multi_line_text happyforms-part--width-full happyforms-part--label-show\" id=\"happyforms-5644_multi_line_text_3-part\" data-happyforms-type=\"multi_line_text\" data-happyforms-id=\"multi_line_text_3\">\n\t<div class=\"happyforms-part-wrap\">\n\t\t\t\t\t\t<div class=\"happyforms-part__label-container\">\n\t\t\t\t<label for=\"happyforms-5644_multi_line_text_3\" class=\"happyforms-part__label\">\n\t\t\t<span class=\"label\">personal remarks or requests<\/span>\n\t\t\t\t\t\t\t\t\t\t<span class=\"happyforms-required\"><\/span>\n\t\t\t\t\t\t\t\t\t\t<span class=\"happyforms-optional\">(optional)<\/span>\n\t\t\t\t\t<\/label>\n\t\t\t<\/div>\n\t\t\t\n\t\t<span class=\"happyforms-part__description\">If you want the book to be signed with a personal message please clearly write the name to whom it should be signed for \/ Ukoliko \u017eelite da knjiga bude potpisana osobnom porukom, jasno napi\u0161ite ime kome se potpisuje<\/span>\n\t\t<div class=\"happyforms-part__el\">\n\t\t\t\n\t\t\t\t\t\t<textarea id=\"happyforms-5644_multi_line_text_3\" name=\"5644_multi_line_text_3\" rows=\"5\" placeholder=\"\" autocomplete=\"off\" spellcheck=\"false\" autocorrect=\"off\" ><\/textarea>\n\t\t\t\n\t\t\t\n\t\t\t\t\t<\/div>\n\t<\/div>\n<\/div>\n<div class=\"happyforms-part--choice display-type--block happyforms-form__part happyforms-part happyforms-part--checkbox happyforms-part--width-full happyforms-part--label-hidden\" id=\"happyforms-5644_checkbox_4-part\" data-happyforms-type=\"checkbox\" data-happyforms-id=\"checkbox_4\" data-happyforms-required=\"\">\n\t<div class=\"happyforms-part-wrap\">\n\t\t\t<div class=\"happyforms-part__label-container\">\n\t\t\t<\/div>\n\t\n\t\t\n\t\t\n\t\t<div class=\"happyforms-part__el\">\n\t\t\t\n\t\t\t\t\t\t\t\t\t\t<div class=\"happyforms-part__option happyforms-part-option\" id=\"checkbox_4_0\">\n\t\t\t\t<label class=\"option-label\">\n\t\t\t\t\t<input type=\"checkbox\" class=\"happyforms-visuallyhidden happyforms-checkbox\" name=\"5644_checkbox_4[]\" value=\"0\" data-serialize  autocomplete=\"off\" spellcheck=\"false\"  >\n\t\t\t\t\t<span class=\"checkmark\"><svg xmlns=\"http:\/\/www.w3.org\/2000\/svg\" width=\"12\" height=\"12\" viewBox=\"0 0 24 24\"><path fill=\"currentColor\" d=\"M20.285 2l-11.285 11.567-5.286-5.011-3.714 3.716 9 8.728 15-15.285z\"\/><\/svg><\/span>\n\t\t\t\t\t<span class=\"label-wrap\">\n\t\t\t\t\t\t<span class=\"label\">I agree to allow this site to store and process the personal information submitted. \/ Sla\u017eem se da ovoj stranici dopu\u0161tam pohranu i obradu dostavljenih osobnih podataka.<\/span>\t\t\t\t\t<\/span>\n\t\t\t\t<\/label>\n\t\t\t\t\t\t\t<\/div>\n\t\t\t\n\t\t\t\n\t\t\t\t\t<\/div>\n\t<\/div>\n<\/div>\n<div class=\"happyforms-part--choice display-type--block happyforms-form__part happyforms-part happyforms-part--checkbox happyforms-part--width-full happyforms-part--label-show\" id=\"happyforms-5644_checkbox_14-part\" data-happyforms-type=\"checkbox\" data-happyforms-id=\"checkbox_14\">\n\t<div class=\"happyforms-part-wrap\">\n\t\t\t<div class=\"happyforms-part__label-container\">\n\t\t\t\t<label for=\"happyforms-5644_checkbox_14\" class=\"happyforms-part__label\">\n\t\t\t<span class=\"label\"><\/span>\n\t\t\t\t\t\t\t\t\t\t<span class=\"happyforms-required\"><\/span>\n\t\t\t\t\t\t\t\t\t\t<span class=\"happyforms-optional\">(optional)<\/span>\n\t\t\t\t\t<\/label>\n\t\t\t<\/div>\n\t\n\t\t\n\t\t\n\t\t<div class=\"happyforms-part__el\">\n\t\t\t\n\t\t\t\t\t\t\t\t\t\t<div class=\"happyforms-part__option happyforms-part-option\" id=\"checkbox_14_option_1699042778977\">\n\t\t\t\t<label class=\"option-label\">\n\t\t\t\t\t<input type=\"checkbox\" class=\"happyforms-visuallyhidden happyforms-checkbox\" name=\"5644_checkbox_14[]\" value=\"0\" data-serialize  autocomplete=\"off\" spellcheck=\"false\"  >\n\t\t\t\t\t<span class=\"checkmark\"><svg xmlns=\"http:\/\/www.w3.org\/2000\/svg\" width=\"12\" height=\"12\" viewBox=\"0 0 24 24\"><path fill=\"currentColor\" d=\"M20.285 2l-11.285 11.567-5.286-5.011-3.714 3.716 9 8.728 15-15.285z\"\/><\/svg><\/span>\n\t\t\t\t\t<span class=\"label-wrap\">\n\t\t\t\t\t\t<span class=\"label\">I agree by ticking this box that my purchase of the book(s) is complete and will pay the bill that will be send with my purchase \/ Ozna\u010davanjem ovog okvira sla\u017eem se da je moja kupnja knjige dovr\u0161ena i da \u0107u platiti ra\u010dun koji \u0107e biti poslan uz moju kupnju<\/span>\t\t\t\t\t<\/span>\n\t\t\t\t<\/label>\n\t\t\t\t\t\t\t<\/div>\n\t\t\t\n\t\t\t\n\t\t\t\t\t<\/div>\n\t<\/div>\n<\/div>\n\t\t\t\t\t\t<div class=\"happyforms-form__part happyforms-part happyforms-part--submit\">\n\t\t<button type=\"submit\" class=\"happyforms-submit happyforms-button--submit \">Send my question<\/button>\n\t<\/div>\t\t<\/div>\n\n\t\t\t<\/form>\n\n\t<\/div>\n\n<p>&nbsp;<\/p>\n","protected":false},"excerpt":{"rendered":"<p>\u00a0 Click here for PDF example. ENGLISH The latest book, &#8220;Croatia in my heart&#8221; \/ &#8220;Hrvatska u mom srcu&#8221;, is scheduled for release in December 2025 and will be printed with a hard cover 25&#215;25 cm format on high-quality LED-dried paper, utilising the latest printing techniques. A must-have feel-good book for photo lovers, Croatia fans &hellip;<\/p>\n","protected":false},"author":2,"featured_media":0,"parent":0,"menu_order":0,"comment_status":"closed","ping_status":"closed","template":"","meta":{"jetpack_post_was_ever_published":false},"jetpack_sharing_enabled":true,"jetpack_shortlink":"https:\/\/wp.me\/P5ESW4-1vE","_links":{"self":[{"href":"https:\/\/www.pronkpictures.com\/index.php?rest_route=\/wp\/v2\/pages\/5806"}],"collection":[{"href":"https:\/\/www.pronkpictures.com\/index.php?rest_route=\/wp\/v2\/pages"}],"about":[{"href":"https:\/\/www.pronkpictures.com\/index.php?rest_route=\/wp\/v2\/types\/page"}],"author":[{"embeddable":true,"href":"https:\/\/www.pronkpictures.com\/index.php?rest_route=\/wp\/v2\/users\/2"}],"replies":[{"embeddable":true,"href":"https:\/\/www.pronkpictures.com\/index.php?rest_route=%2Fwp%2Fv2%2Fcomments&post=5806"}],"version-history":[{"count":34,"href":"https:\/\/www.pronkpictures.com\/index.php?rest_route=\/wp\/v2\/pages\/5806\/revisions"}],"predecessor-version":[{"id":7076,"href":"https:\/\/www.pronkpictures.com\/index.php?rest_route=\/wp\/v2\/pages\/5806\/revisions\/7076"}],"wp:attachment":[{"href":"https:\/\/www.pronkpictures.com\/index.php?rest_route=%2Fwp%2Fv2%2Fmedia&parent=5806"}],"curies":[{"name":"wp","href":"https:\/\/api.w.org\/{rel}","templated":true}]}}